{"id":4489,"date":"2022-11-07T12:26:23","date_gmt":"2022-11-07T12:26:23","guid":{"rendered":"https:\/\/wijntoursvalencia.com\/ueber-uns\/"},"modified":"2024-11-30T12:00:31","modified_gmt":"2024-11-30T12:00:31","slug":"ueber-uns","status":"publish","type":"page","link":"https:\/\/wijntoursvalencia.com\/de\/ueber-uns\/","title":{"rendered":"\u00dcber uns"},"content":{"rendered":"\t\t<div data-elementor-type=\"wp-page\" data-elementor-id=\"4489\" class=\"elementor elementor-4489 elementor-2230\" data-elementor-post-type=\"page\">\n\t\t\t\t\t\t<section class=\"elementor-section elementor-top-section elementor-element elementor-element-1eeca722 elementor-section-boxed elementor-section-height-default elementor-section-height-default\" data-id=\"1eeca722\" data-element_type=\"section\" data-e-type=\"section\">\n\t\t\t\t\t\t<div class=\"elementor-container elementor-column-gap-default\">\n\t\t\t\t\t<div class=\"elementor-column elementor-col-50 elementor-top-column elementor-element elementor-element-35915f74\" data-id=\"35915f74\" data-element_type=\"column\" data-e-type=\"column\">\n\t\t\t<div class=\"elementor-widget-wrap elementor-element-populated\">\n\t\t\t\t\t\t<div class=\"elementor-element elementor-element-7f257b92 elementor-widget elementor-widget-text-editor\" data-id=\"7f257b92\" data-element_type=\"widget\" data-e-type=\"widget\" data-widget_type=\"text-editor.default\">\n\t\t\t\t<div class=\"elementor-widget-container\">\n\t\t\t\t\t\t\t\t\t<h2>Ein niederl\u00e4ndischer Sommelier zeigt Ihnen die Wunder der valencianischen Weine!<\/h2><p><strong>Valencia Wine Consulting &amp; Tours wurde von Sommelier Johan de Smedt gegr\u00fcndet, der urspr\u00fcnglich aus den Niederlanden stammt. Er ist Sozialanthropologe mit langj\u00e4hriger Erfahrung in der humanit\u00e4ren Arbeit in Afrika, f\u00fcr Organisationen wie <a href=\"https:\/\/www.aerzte-ohne-grenzen.de\/\" target=\"_blank\" rel=\"noopener\">\u00c4rzte ohne Grenzen<\/a> und Oxfam.<\/strong><\/p><p>Johan lebt seit 2008 in Valencia und hat seine Ausbildung zum Sommelier in Valencia absolviert. Er ist auf valencianische Weine spezialisiert und hat die meisten der valencianischen Weing\u00fcter besucht, um ihre Weine zu verkosten. Fr\u00fcher war Valencia ein Massenweinproduzent, aber heute produziert die Region Spitzenweine, die oft aus lokalen Trauben hergestellt werden, die Sie sonst nirgendwo finden, wie die Bobal-, Forcalla- oder Verdil-Trauben. Valencia produziert vor allem Rotweine, aber auch hervorragende Wei\u00dfweine und Cava &#8211; und das k\u00f6nnen auch biologische, biodynamische oder Naturweine sein.<\/p><p>Nach der Sommelier-Ausbildung wagte Johan den Sprung in den Tourismus und machte <a href=\"https:\/\/wijntoursvalencia.com\/de\/wein-touren\/\" target=\"_blank\" rel=\"noopener\">Weinreisen<\/a> und &#8211;<a href=\"https:\/\/wijntoursvalencia.com\/de\/weinverkostungen\/\" target=\"_blank\" rel=\"noopener\">verkostungen<\/a> f\u00fcr lokale Agenturen, aber 2016 beschloss er, seine eigene Agentur zu gr\u00fcnden und alles selbst zu machen. Der Rest ist Geschichte, wie man so sch\u00f6n sagt&#8230;<\/p><p><b>Mit Valencia Wine Consulting &amp; Tours k\u00f6nnen Sie Ihr Weinerlebnis in Valencia zu einem unvergesslichen Erlebnis machen!<\/b><\/p><p>Valencia Wine Consulting &amp; Tours ist ein eingetragenes Reiseb\u00fcro<br \/>Lizenznummer: CV-Mm1930-V<\/p><p>,<\/p>\t\t\t\t\t\t\t\t<\/div>\n\t\t\t\t<\/div>\n\t\t\t\t\t<\/div>\n\t\t<\/div>\n\t\t\t\t<div class=\"elementor-column elementor-col-50 elementor-top-column elementor-element elementor-element-977cd98\" data-id=\"977cd98\" data-element_type=\"column\" data-e-type=\"column\">\n\t\t\t<div class=\"elementor-widget-wrap elementor-element-populated\">\n\t\t\t\t\t\t<div class=\"elementor-element elementor-element-2949874 elementor-widget elementor-widget-image\" data-id=\"2949874\" data-element_type=\"widget\" data-e-type=\"widget\" data-widget_type=\"image.default\">\n\t\t\t\t<div class=\"elementor-widget-container\">\n\t\t\t\t\t\t\t\t\t\t\t\t\t\t\t<img fetchpriority=\"high\" decoding=\"async\" width=\"979\" height=\"687\" src=\"https:\/\/wijntoursvalencia.com\/wp-content\/uploads\/2022\/11\/Making-juice-e1474903226609-1-e1667830684547.jpeg\" class=\"attachment-full size-full wp-image-5707\" alt=\"\" srcset=\"https:\/\/wijntoursvalencia.com\/wp-content\/uploads\/2022\/11\/Making-juice-e1474903226609-1-e1667830684547.jpeg 979w, https:\/\/wijntoursvalencia.com\/wp-content\/uploads\/2022\/11\/Making-juice-e1474903226609-1-e1667830684547-300x211.jpeg 300w, https:\/\/wijntoursvalencia.com\/wp-content\/uploads\/2022\/11\/Making-juice-e1474903226609-1-e1667830684547-768x539.jpeg 768w\" sizes=\"(max-width: 979px) 100vw, 979px\" \/>\t\t\t\t\t\t\t\t\t\t\t\t\t\t\t<\/div>\n\t\t\t\t<\/div>\n\t\t\t\t\t<\/div>\n\t\t<\/div>\n\t\t\t\t\t<\/div>\n\t\t<\/section>\n\t\t\t\t<\/div>\n\t\t","protected":false},"excerpt":{"rendered":"<p>Ein niederl\u00e4ndischer Sommelier zeigt Ihnen die Wunder der valencianischen Weine! Valencia Wine Consulting &amp; Tours wurde von Sommelier Johan de Smedt gegr\u00fcndet, der urspr\u00fcnglich aus den Niederlanden stammt. Er ist Sozialanthropologe mit langj\u00e4hriger Erfahrung in der humanit\u00e4ren Arbeit in Afrika, f\u00fcr Organisationen wie \u00c4rzte ohne Grenzen und Oxfam. Johan lebt seit 2008 in Valencia und [&hellip;]<\/p>\n","protected":false},"author":1,"featured_media":4836,"parent":0,"menu_order":0,"comment_status":"closed","ping_status":"closed","template":"","meta":{"footnotes":""},"class_list":["post-4489","page","type-page","status-publish","has-post-thumbnail","hentry"],"yoast_head":"<!-- This site is optimized with the Yoast SEO plugin v27.6 - https:\/\/yoast.com\/product\/yoast-seo-wordpress\/ -->\n<title>\u00dcber uns - Valencia Wine Consulting &amp; Tours<\/title>\n<meta name=\"description\" content=\"Johan de Smedt, Sozialanthropologe der zum Sommelier wurde, gr\u00fcndete 2016 seine eigene Weintourismusagentur, f\u00fcr Weinreisen und Weinproben.\" \/>\n<meta name=\"robots\" content=\"index, follow, max-snippet:-1, max-image-preview:large, max-video-preview:-1\" \/>\n<link rel=\"canonical\" href=\"https:\/\/wijntoursvalencia.com\/de\/ueber-uns\/\" \/>\n<meta property=\"og:locale\" content=\"de_DE\" \/>\n<meta property=\"og:type\" content=\"article\" \/>\n<meta property=\"og:title\" content=\"\u00dcber uns - Valencia Wine Consulting &amp; Tours\" \/>\n<meta property=\"og:description\" content=\"Johan de Smedt, Sozialanthropologe der zum Sommelier wurde, gr\u00fcndete 2016 seine eigene Weintourismusagentur, f\u00fcr Weinreisen und Weinproben.\" \/>\n<meta property=\"og:url\" content=\"https:\/\/wijntoursvalencia.com\/de\/ueber-uns\/\" \/>\n<meta property=\"og:site_name\" content=\"Valencia Wine Consulting &amp; Tours\" \/>\n<meta property=\"article:publisher\" content=\"https:\/\/www.facebook.com\/Valencia.Wine.Consulting.1\/\" \/>\n<meta property=\"article:modified_time\" content=\"2024-11-30T12:00:31+00:00\" \/>\n<meta property=\"og:image\" content=\"https:\/\/wijntoursvalencia.com\/wp-content\/uploads\/2022\/11\/shutterstock_2115237500-scaled.jpg\" \/>\n\t<meta property=\"og:image:width\" content=\"2560\" \/>\n\t<meta property=\"og:image:height\" content=\"1112\" \/>\n\t<meta property=\"og:image:type\" content=\"image\/jpeg\" \/>\n<meta name=\"twitter:card\" content=\"summary_large_image\" \/>\n<script type=\"application\/ld+json\" class=\"yoast-schema-graph\">{\"@context\":\"https:\\\/\\\/schema.org\",\"@graph\":[{\"@type\":\"WebPage\",\"@id\":\"https:\\\/\\\/wijntoursvalencia.com\\\/de\\\/ueber-uns\\\/\",\"url\":\"https:\\\/\\\/wijntoursvalencia.com\\\/de\\\/ueber-uns\\\/\",\"name\":\"\u00dcber uns - Valencia Wine Consulting &amp; Tours\",\"isPartOf\":{\"@id\":\"https:\\\/\\\/wijntoursvalencia.com\\\/de\\\/#website\"},\"primaryImageOfPage\":{\"@id\":\"https:\\\/\\\/wijntoursvalencia.com\\\/de\\\/ueber-uns\\\/#primaryimage\"},\"image\":{\"@id\":\"https:\\\/\\\/wijntoursvalencia.com\\\/de\\\/ueber-uns\\\/#primaryimage\"},\"thumbnailUrl\":\"https:\\\/\\\/wijntoursvalencia.com\\\/wp-content\\\/uploads\\\/2022\\\/11\\\/shutterstock_2115237500-scaled.jpg\",\"datePublished\":\"2022-11-07T12:26:23+00:00\",\"dateModified\":\"2024-11-30T12:00:31+00:00\",\"description\":\"Johan de Smedt, Sozialanthropologe der zum Sommelier wurde, gr\u00fcndete 2016 seine eigene Weintourismusagentur, f\u00fcr Weinreisen und Weinproben.\",\"breadcrumb\":{\"@id\":\"https:\\\/\\\/wijntoursvalencia.com\\\/de\\\/ueber-uns\\\/#breadcrumb\"},\"inLanguage\":\"de\",\"potentialAction\":[{\"@type\":\"ReadAction\",\"target\":[\"https:\\\/\\\/wijntoursvalencia.com\\\/de\\\/ueber-uns\\\/\"]}]},{\"@type\":\"ImageObject\",\"inLanguage\":\"de\",\"@id\":\"https:\\\/\\\/wijntoursvalencia.com\\\/de\\\/ueber-uns\\\/#primaryimage\",\"url\":\"https:\\\/\\\/wijntoursvalencia.com\\\/wp-content\\\/uploads\\\/2022\\\/11\\\/shutterstock_2115237500-scaled.jpg\",\"contentUrl\":\"https:\\\/\\\/wijntoursvalencia.com\\\/wp-content\\\/uploads\\\/2022\\\/11\\\/shutterstock_2115237500-scaled.jpg\",\"width\":2560,\"height\":1112,\"caption\":\"Valencia old town\"},{\"@type\":\"BreadcrumbList\",\"@id\":\"https:\\\/\\\/wijntoursvalencia.com\\\/de\\\/ueber-uns\\\/#breadcrumb\",\"itemListElement\":[{\"@type\":\"ListItem\",\"position\":1,\"name\":\"Home\",\"item\":\"https:\\\/\\\/wijntoursvalencia.com\\\/de\\\/\"},{\"@type\":\"ListItem\",\"position\":2,\"name\":\"\u00dcber uns\"}]},{\"@type\":\"WebSite\",\"@id\":\"https:\\\/\\\/wijntoursvalencia.com\\\/de\\\/#website\",\"url\":\"https:\\\/\\\/wijntoursvalencia.com\\\/de\\\/\",\"name\":\"Valencia Wine Consulting & Tours\",\"description\":\"Tours and tastings for wine lovers\",\"publisher\":{\"@id\":\"https:\\\/\\\/wijntoursvalencia.com\\\/de\\\/#organization\"},\"potentialAction\":[{\"@type\":\"SearchAction\",\"target\":{\"@type\":\"EntryPoint\",\"urlTemplate\":\"https:\\\/\\\/wijntoursvalencia.com\\\/de\\\/?s={search_term_string}\"},\"query-input\":{\"@type\":\"PropertyValueSpecification\",\"valueRequired\":true,\"valueName\":\"search_term_string\"}}],\"inLanguage\":\"de\"},{\"@type\":\"Organization\",\"@id\":\"https:\\\/\\\/wijntoursvalencia.com\\\/de\\\/#organization\",\"name\":\"Valencia Wine Consulting & Tours\",\"url\":\"https:\\\/\\\/wijntoursvalencia.com\\\/de\\\/\",\"logo\":{\"@type\":\"ImageObject\",\"inLanguage\":\"de\",\"@id\":\"https:\\\/\\\/wijntoursvalencia.com\\\/de\\\/#\\\/schema\\\/logo\\\/image\\\/\",\"url\":\"https:\\\/\\\/wijntoursvalencia.com\\\/wp-content\\\/uploads\\\/2020\\\/10\\\/Valencia-Wine-Consulting-Logo.svg\",\"contentUrl\":\"https:\\\/\\\/wijntoursvalencia.com\\\/wp-content\\\/uploads\\\/2020\\\/10\\\/Valencia-Wine-Consulting-Logo.svg\",\"width\":319,\"height\":77,\"caption\":\"Valencia Wine Consulting & Tours\"},\"image\":{\"@id\":\"https:\\\/\\\/wijntoursvalencia.com\\\/de\\\/#\\\/schema\\\/logo\\\/image\\\/\"},\"sameAs\":[\"https:\\\/\\\/www.facebook.com\\\/Valencia.Wine.Consulting.1\\\/\"]}]}<\/script>\n<!-- \/ Yoast SEO plugin. -->","yoast_head_json":{"title":"\u00dcber uns - Valencia Wine Consulting &amp; Tours","description":"Johan de Smedt, Sozialanthropologe der zum Sommelier wurde, gr\u00fcndete 2016 seine eigene Weintourismusagentur, f\u00fcr Weinreisen und Weinproben.","robots":{"index":"index","follow":"follow","max-snippet":"max-snippet:-1","max-image-preview":"max-image-preview:large","max-video-preview":"max-video-preview:-1"},"canonical":"https:\/\/wijntoursvalencia.com\/de\/ueber-uns\/","og_locale":"de_DE","og_type":"article","og_title":"\u00dcber uns - Valencia Wine Consulting &amp; Tours","og_description":"Johan de Smedt, Sozialanthropologe der zum Sommelier wurde, gr\u00fcndete 2016 seine eigene Weintourismusagentur, f\u00fcr Weinreisen und Weinproben.","og_url":"https:\/\/wijntoursvalencia.com\/de\/ueber-uns\/","og_site_name":"Valencia Wine Consulting &amp; Tours","article_publisher":"https:\/\/www.facebook.com\/Valencia.Wine.Consulting.1\/","article_modified_time":"2024-11-30T12:00:31+00:00","og_image":[{"width":2560,"height":1112,"url":"https:\/\/wijntoursvalencia.com\/wp-content\/uploads\/2022\/11\/shutterstock_2115237500-scaled.jpg","type":"image\/jpeg"}],"twitter_card":"summary_large_image","schema":{"@context":"https:\/\/schema.org","@graph":[{"@type":"WebPage","@id":"https:\/\/wijntoursvalencia.com\/de\/ueber-uns\/","url":"https:\/\/wijntoursvalencia.com\/de\/ueber-uns\/","name":"\u00dcber uns - Valencia Wine Consulting &amp; Tours","isPartOf":{"@id":"https:\/\/wijntoursvalencia.com\/de\/#website"},"primaryImageOfPage":{"@id":"https:\/\/wijntoursvalencia.com\/de\/ueber-uns\/#primaryimage"},"image":{"@id":"https:\/\/wijntoursvalencia.com\/de\/ueber-uns\/#primaryimage"},"thumbnailUrl":"https:\/\/wijntoursvalencia.com\/wp-content\/uploads\/2022\/11\/shutterstock_2115237500-scaled.jpg","datePublished":"2022-11-07T12:26:23+00:00","dateModified":"2024-11-30T12:00:31+00:00","description":"Johan de Smedt, Sozialanthropologe der zum Sommelier wurde, gr\u00fcndete 2016 seine eigene Weintourismusagentur, f\u00fcr Weinreisen und Weinproben.","breadcrumb":{"@id":"https:\/\/wijntoursvalencia.com\/de\/ueber-uns\/#breadcrumb"},"inLanguage":"de","potentialAction":[{"@type":"ReadAction","target":["https:\/\/wijntoursvalencia.com\/de\/ueber-uns\/"]}]},{"@type":"ImageObject","inLanguage":"de","@id":"https:\/\/wijntoursvalencia.com\/de\/ueber-uns\/#primaryimage","url":"https:\/\/wijntoursvalencia.com\/wp-content\/uploads\/2022\/11\/shutterstock_2115237500-scaled.jpg","contentUrl":"https:\/\/wijntoursvalencia.com\/wp-content\/uploads\/2022\/11\/shutterstock_2115237500-scaled.jpg","width":2560,"height":1112,"caption":"Valencia old town"},{"@type":"BreadcrumbList","@id":"https:\/\/wijntoursvalencia.com\/de\/ueber-uns\/#breadcrumb","itemListElement":[{"@type":"ListItem","position":1,"name":"Home","item":"https:\/\/wijntoursvalencia.com\/de\/"},{"@type":"ListItem","position":2,"name":"\u00dcber uns"}]},{"@type":"WebSite","@id":"https:\/\/wijntoursvalencia.com\/de\/#website","url":"https:\/\/wijntoursvalencia.com\/de\/","name":"Valencia Wine Consulting & Tours","description":"Tours and tastings for wine lovers","publisher":{"@id":"https:\/\/wijntoursvalencia.com\/de\/#organization"},"potentialAction":[{"@type":"SearchAction","target":{"@type":"EntryPoint","urlTemplate":"https:\/\/wijntoursvalencia.com\/de\/?s={search_term_string}"},"query-input":{"@type":"PropertyValueSpecification","valueRequired":true,"valueName":"search_term_string"}}],"inLanguage":"de"},{"@type":"Organization","@id":"https:\/\/wijntoursvalencia.com\/de\/#organization","name":"Valencia Wine Consulting & Tours","url":"https:\/\/wijntoursvalencia.com\/de\/","logo":{"@type":"ImageObject","inLanguage":"de","@id":"https:\/\/wijntoursvalencia.com\/de\/#\/schema\/logo\/image\/","url":"https:\/\/wijntoursvalencia.com\/wp-content\/uploads\/2020\/10\/Valencia-Wine-Consulting-Logo.svg","contentUrl":"https:\/\/wijntoursvalencia.com\/wp-content\/uploads\/2020\/10\/Valencia-Wine-Consulting-Logo.svg","width":319,"height":77,"caption":"Valencia Wine Consulting & Tours"},"image":{"@id":"https:\/\/wijntoursvalencia.com\/de\/#\/schema\/logo\/image\/"},"sameAs":["https:\/\/www.facebook.com\/Valencia.Wine.Consulting.1\/"]}]}},"_links":{"self":[{"href":"https:\/\/wijntoursvalencia.com\/de\/wp-json\/wp\/v2\/pages\/4489","targetHints":{"allow":["GET"]}}],"collection":[{"href":"https:\/\/wijntoursvalencia.com\/de\/wp-json\/wp\/v2\/pages"}],"about":[{"href":"https:\/\/wijntoursvalencia.com\/de\/wp-json\/wp\/v2\/types\/page"}],"author":[{"embeddable":true,"href":"https:\/\/wijntoursvalencia.com\/de\/wp-json\/wp\/v2\/users\/1"}],"replies":[{"embeddable":true,"href":"https:\/\/wijntoursvalencia.com\/de\/wp-json\/wp\/v2\/comments?post=4489"}],"version-history":[{"count":12,"href":"https:\/\/wijntoursvalencia.com\/de\/wp-json\/wp\/v2\/pages\/4489\/revisions"}],"predecessor-version":[{"id":6813,"href":"https:\/\/wijntoursvalencia.com\/de\/wp-json\/wp\/v2\/pages\/4489\/revisions\/6813"}],"wp:featuredmedia":[{"embeddable":true,"href":"https:\/\/wijntoursvalencia.com\/de\/wp-json\/wp\/v2\/media\/4836"}],"wp:attachment":[{"href":"https:\/\/wijntoursvalencia.com\/de\/wp-json\/wp\/v2\/media?parent=4489"}],"curies":[{"name":"wp","href":"https:\/\/api.w.org\/{rel}","templated":true}]}}