{"id":4516,"date":"2022-11-07T14:03:21","date_gmt":"2022-11-07T14:03:21","guid":{"rendered":"https:\/\/wijntoursvalencia.com\/bedingungen-und-konditionen\/"},"modified":"2024-11-22T16:55:41","modified_gmt":"2024-11-22T16:55:41","slug":"bedingungen-und-konditionen","status":"publish","type":"page","link":"https:\/\/wijntoursvalencia.com\/de\/bedingungen-und-konditionen\/","title":{"rendered":"Bedingungen und Konditionen"},"content":{"rendered":"<h2>Bedingungen &amp; Konditionen<\/h2>\n<p>Die auf dieser Website erw\u00e4hnten Touren und Aktivit\u00e4ten werden von Valencia Wine Consulting &amp; Tours (nachstehend VWC&amp;T), Plaza Manises 3, 12 in Valencia, Spanien, organisiert und\/oder durchgef\u00fchrt. VWC&amp;T bucht keine Fl\u00fcge und hat keine Informationen zu P\u00e4ssen, Visa und dergleichen.<\/p>\n<p>Unsere Reiseangebote sind 14 Tage lang g\u00fcltig; danach behalten wir uns das Recht vor, sie anzupassen. Die Hotelpreise (in Valencia) sind sehr flexibel und \u00e4ndern sich t\u00e4glich &#8211; die G\u00fcltigkeit von Hotelangeboten ist daher begrenzt; dies wird in der E-Mail-Kommunikation deutlich gemacht.<\/p>\n<p>Die von VWC&amp;T angegebenen Preise und Verf\u00fcgbarkeiten sind erst dann garantiert, wenn die Reise vollst\u00e4ndig bezahlt wurde. Preise und Verf\u00fcgbarkeit k\u00f6nnen sich ohne Vorank\u00fcndigung \u00e4ndern. VWC&amp;T ist nicht verantwortlich f\u00fcr Fehler oder Auslassungen, die durch falsche Informationen oder ge\u00e4nderte Preisangaben von Dritten entstehen k\u00f6nnen.<\/p>\n<p>Da unsere Touren alle ma\u00dfgeschneidert sind, wird in unserer E-Mail-Kommunikation klargestellt, was im Preis enthalten ist und was nicht, und ob und welche anderen spezifischen Bedingungen gelten.<\/p>\n<p>Nach der Buchung erh\u00e4lt der Kunde eine Zusammenfassung der Einzelheiten der Tour sowie ggf. Gutscheine f\u00fcr gebuchte Mahlzeiten usw. Der Kunde ist verpflichtet, die Details der Buchung zu \u00fcberpr\u00fcfen und die korrekten Informationen an die Passagiere weiterzugeben, die mit der gleichen Buchung reisen.<\/p>\n<p>Jegliche \u00c4nderungen des Programms (Zeitplan, Timing) werden so schnell wie m\u00f6glich mitgeteilt. VWC&amp;T beh\u00e4lt sich das Recht vor, dem\/den Passagier(en) jegliche Erh\u00f6hung von Steuern, Geb\u00fchren oder Zuschl\u00e4gen (z.B. Treibstoff) in Rechnung zu stellen. Der Kunde hat das Recht, die \u00c4nderungen oder Geb\u00fchren abzulehnen und die Reise zu stornieren, ohne Stornogeb\u00fchren zu zahlen.<\/p>\n<p>Bezahlung der Touren: VWC&amp;T verlangen eine Buchungsanzahlung von 20%, um die Tour zu best\u00e4tigen. Der Restbetrag kann bis zu einem Monat vor dem Datum der Reise bezahlt werden. Die meisten Touren sind jedoch kurzfristig buchbar, so dass es Spielraum f\u00fcr Variationen gibt &#8211; die Details werden per E-Mail besprochen. Im Prinzip verlangt VWC&amp;T die vollst\u00e4ndige Bezahlung der gebuchten Reisen einen Monat vor dem Datum der Reise.<\/p>\n<p>Hotelbuchungen: Hotels k\u00f6nnen zwei (oder mehr) Monate vor dem Anreisedatum eine Anzahlung oder mehr als einen Monat vor dem Anreisedatum die vollst\u00e4ndige Zahlung verlangen. Die Stornierungsbedingungen und -geb\u00fchren des Hotels h\u00e4ngen vom jeweiligen Hotel ab.<\/p>\n<p>Stornierungsgeb\u00fchren: Die Stornierung muss schriftlich (per E-Mail) und mindestens 6 Wochen vor dem Datum der Tour erfolgen. Danach fallen Stornierungsgeb\u00fchren an:<\/p>\n<p>1. Stornierung zwischen 6 Wochen und 1 Monat vor dem Reisetermin: die Anzahlung oder 20%.<\/p>\n<p>2. Stornierung zwischen dem 30. Tag (einschlie\u00dflich) und dem 14. Tag (ausschlie\u00dflich) vor dem Datum der Tour: 50% des Gesamtpreises der Tour.<\/p>\n<p>3. Stornierung zwischen dem 14. Tag (einschlie\u00dflich) und dem 7. Tag (ausschlie\u00dflich) vor dem Datum der Tour: 80% des Gesamtpreises der Tour.<\/p>\n<p>4. Stornierung zwischen dem 7. Tag (einschlie\u00dflich) und dem Tag der Tour, einschlie\u00dflich &#8217;no show&#8216;: Es gibt keine R\u00fcckerstattung.<\/p>\n<p>Die Stornierungsgeb\u00fchren entfallen, wenn die schriftliche Anfrage innerhalb einer Frist von 3 Werktagen nach dem Buchungsdatum eingeht.<\/p>\n<p>Begrenzung der Haftung: Der\/die Fahrgast(e) \u00fcbernimmt\/\u00fcbernehmen ohne Einschr\u00e4nkung das Risiko und erkl\u00e4rt\/erkl\u00e4ren sich damit einverstanden, dass VWC&amp;T nicht f\u00fcr Sch\u00e4den haftet, die durch h\u00f6here Gewalt oder Staatsfeinde, Verhaftungen, Einschr\u00e4nkungen durch Regierungen oder Volksherren, Piraterie, Krieg, Revolution, Erpressung, terroristische Aktivit\u00e4ten, angedrohte oder tats\u00e4chliche Rebellion, politische Umw\u00e4lzungen, zivile Unruhen, Aufst\u00e4nde, Feuer, Aussperrungen, Explosionen, Kollisionen, Wetterbedingungen, mechanische oder bauliche Ausf\u00e4lle oder Schwierigkeiten, Krankheiten, lokale Gesetze, anormale Bedingungen oder Entwicklungen entstehen oder damit zusammenh\u00e4ngen, Schlie\u00dfung von Flugh\u00e4fen\/H\u00e4fen\/Hotels\/Bahnh\u00f6fen, logistische Probleme des Transportunternehmens oder der Zulieferer, Computerprobleme, Strandung, Lebensmittel- oder Wasservergiftung, Krankheit, Grundber\u00fchrung, Gefahren des Meeres, von Fl\u00fcssen, Kan\u00e4len, Schleusen oder anderen Gew\u00e4ssern, Gefahren der Schifffahrt jeglicher Art, Diebstahl, Unf\u00e4lle an oder durch Maschinen, Kessel oder verborgene M\u00e4ngel, auch wenn diese bereits zu Beginn der Reise vorhanden waren, Desertion oder Aufruhr der Besatzung oder verlorenes\/besch\u00e4digtes\/versp\u00e4tetes Gep\u00e4ck.<\/p>\n<p>Eine Reise-\/R\u00fccktrittsversicherung wird empfohlen, um Sie und Ihren Urlaub zu sch\u00fctzen. Diese Verantwortung liegt allein bei Ihnen als Kunde, und wir raten Ihnen, den Versicherungsschutz zu finden, der Ihren individuellen Bed\u00fcrfnissen am besten entspricht. Indem Sie die Reiseversicherung ablehnen, erkennen Sie an, dass Sie f\u00fcr eventuelle Stornierungsgeb\u00fchren, Sch\u00e4den und\/oder Auslagen haften. Sie erkennen au\u00dferdem an, dass Sie die Verantwortung f\u00fcr die Organisation und Bezahlung einer Behandlung im Falle eines medizinischen Notfalls w\u00e4hrend der Reise \u00fcbernehmen.<\/p>\n<p>Mit der Buchung erkl\u00e4rt sich der Kunde mit diesen VWC&amp;T-Bedingungen einverstanden.<\/p>\n<p>Ein Beschwerdeformular kann auf Anfrage zugesandt werden.<\/p>\n","protected":false},"excerpt":{"rendered":"<p>Bedingungen &amp; Konditionen Die auf dieser Website erw\u00e4hnten Touren und Aktivit\u00e4ten werden von Valencia Wine Consulting &amp; Tours (nachstehend VWC&amp;T), Plaza Manises 3, 12 in Valencia, Spanien, organisiert und\/oder durchgef\u00fchrt. VWC&amp;T bucht keine Fl\u00fcge und hat keine Informationen zu P\u00e4ssen, Visa und dergleichen. Unsere Reiseangebote sind 14 Tage lang g\u00fcltig; danach behalten wir uns das [&hellip;]<\/p>\n","protected":false},"author":1,"featured_media":2139,"parent":0,"menu_order":0,"comment_status":"closed","ping_status":"closed","template":"","meta":{"footnotes":""},"class_list":["post-4516","page","type-page","status-publish","has-post-thumbnail","hentry"],"yoast_head":"<!-- This site is optimized with the Yoast SEO plugin v27.5 - https:\/\/yoast.com\/product\/yoast-seo-wordpress\/ -->\n<title>Bedingungen und Konditionen - Valencia Wine Consulting &amp; Tours<\/title>\n<meta name=\"description\" content=\"Hier finden Sie die Bedingungen und Konditionen wenn Sie mit uns eine Reise buchen; aber wir sind auch ziemlich flexibel...\" \/>\n<meta name=\"robots\" content=\"index, follow, max-snippet:-1, max-image-preview:large, max-video-preview:-1\" \/>\n<link rel=\"canonical\" href=\"https:\/\/wijntoursvalencia.com\/de\/bedingungen-und-konditionen\/\" \/>\n<meta property=\"og:locale\" content=\"de_DE\" \/>\n<meta property=\"og:type\" content=\"article\" \/>\n<meta property=\"og:title\" content=\"Bedingungen und Konditionen - Valencia Wine Consulting &amp; Tours\" \/>\n<meta property=\"og:description\" content=\"Hier finden Sie die Bedingungen und Konditionen wenn Sie mit uns eine Reise buchen; aber wir sind auch ziemlich flexibel...\" \/>\n<meta property=\"og:url\" content=\"https:\/\/wijntoursvalencia.com\/de\/bedingungen-und-konditionen\/\" \/>\n<meta property=\"og:site_name\" content=\"Valencia Wine Consulting &amp; Tours\" \/>\n<meta property=\"article:publisher\" content=\"https:\/\/www.facebook.com\/Valencia.Wine.Consulting.1\/\" \/>\n<meta property=\"article:modified_time\" content=\"2024-11-22T16:55:41+00:00\" \/>\n<meta name=\"twitter:card\" content=\"summary_large_image\" \/>\n<script type=\"application\/ld+json\" class=\"yoast-schema-graph\">{\"@context\":\"https:\\\/\\\/schema.org\",\"@graph\":[{\"@type\":\"WebPage\",\"@id\":\"https:\\\/\\\/wijntoursvalencia.com\\\/de\\\/bedingungen-und-konditionen\\\/\",\"url\":\"https:\\\/\\\/wijntoursvalencia.com\\\/de\\\/bedingungen-und-konditionen\\\/\",\"name\":\"Bedingungen und Konditionen - Valencia Wine Consulting &amp; Tours\",\"isPartOf\":{\"@id\":\"https:\\\/\\\/wijntoursvalencia.com\\\/de\\\/#website\"},\"primaryImageOfPage\":{\"@id\":\"https:\\\/\\\/wijntoursvalencia.com\\\/de\\\/bedingungen-und-konditionen\\\/#primaryimage\"},\"image\":{\"@id\":\"https:\\\/\\\/wijntoursvalencia.com\\\/de\\\/bedingungen-und-konditionen\\\/#primaryimage\"},\"thumbnailUrl\":\"https:\\\/\\\/wijntoursvalencia.com\\\/wp-content\\\/uploads\\\/2022\\\/11\\\/shutterstock_712575202-scaled.jpg\",\"datePublished\":\"2022-11-07T14:03:21+00:00\",\"dateModified\":\"2024-11-22T16:55:41+00:00\",\"description\":\"Hier finden Sie die Bedingungen und Konditionen wenn Sie mit uns eine Reise buchen; aber wir sind auch ziemlich flexibel...\",\"breadcrumb\":{\"@id\":\"https:\\\/\\\/wijntoursvalencia.com\\\/de\\\/bedingungen-und-konditionen\\\/#breadcrumb\"},\"inLanguage\":\"de\",\"potentialAction\":[{\"@type\":\"ReadAction\",\"target\":[\"https:\\\/\\\/wijntoursvalencia.com\\\/de\\\/bedingungen-und-konditionen\\\/\"]}]},{\"@type\":\"ImageObject\",\"inLanguage\":\"de\",\"@id\":\"https:\\\/\\\/wijntoursvalencia.com\\\/de\\\/bedingungen-und-konditionen\\\/#primaryimage\",\"url\":\"https:\\\/\\\/wijntoursvalencia.com\\\/wp-content\\\/uploads\\\/2022\\\/11\\\/shutterstock_712575202-scaled.jpg\",\"contentUrl\":\"https:\\\/\\\/wijntoursvalencia.com\\\/wp-content\\\/uploads\\\/2022\\\/11\\\/shutterstock_712575202-scaled.jpg\",\"width\":2560,\"height\":1644},{\"@type\":\"BreadcrumbList\",\"@id\":\"https:\\\/\\\/wijntoursvalencia.com\\\/de\\\/bedingungen-und-konditionen\\\/#breadcrumb\",\"itemListElement\":[{\"@type\":\"ListItem\",\"position\":1,\"name\":\"Home\",\"item\":\"https:\\\/\\\/wijntoursvalencia.com\\\/de\\\/\"},{\"@type\":\"ListItem\",\"position\":2,\"name\":\"Bedingungen und Konditionen\"}]},{\"@type\":\"WebSite\",\"@id\":\"https:\\\/\\\/wijntoursvalencia.com\\\/de\\\/#website\",\"url\":\"https:\\\/\\\/wijntoursvalencia.com\\\/de\\\/\",\"name\":\"Valencia Wine Consulting & Tours\",\"description\":\"Tours and tastings for wine lovers\",\"publisher\":{\"@id\":\"https:\\\/\\\/wijntoursvalencia.com\\\/de\\\/#organization\"},\"potentialAction\":[{\"@type\":\"SearchAction\",\"target\":{\"@type\":\"EntryPoint\",\"urlTemplate\":\"https:\\\/\\\/wijntoursvalencia.com\\\/de\\\/?s={search_term_string}\"},\"query-input\":{\"@type\":\"PropertyValueSpecification\",\"valueRequired\":true,\"valueName\":\"search_term_string\"}}],\"inLanguage\":\"de\"},{\"@type\":\"Organization\",\"@id\":\"https:\\\/\\\/wijntoursvalencia.com\\\/de\\\/#organization\",\"name\":\"Valencia Wine Consulting & Tours\",\"url\":\"https:\\\/\\\/wijntoursvalencia.com\\\/de\\\/\",\"logo\":{\"@type\":\"ImageObject\",\"inLanguage\":\"de\",\"@id\":\"https:\\\/\\\/wijntoursvalencia.com\\\/de\\\/#\\\/schema\\\/logo\\\/image\\\/\",\"url\":\"https:\\\/\\\/wijntoursvalencia.com\\\/wp-content\\\/uploads\\\/2020\\\/10\\\/Valencia-Wine-Consulting-Logo.svg\",\"contentUrl\":\"https:\\\/\\\/wijntoursvalencia.com\\\/wp-content\\\/uploads\\\/2020\\\/10\\\/Valencia-Wine-Consulting-Logo.svg\",\"width\":319,\"height\":77,\"caption\":\"Valencia Wine Consulting & Tours\"},\"image\":{\"@id\":\"https:\\\/\\\/wijntoursvalencia.com\\\/de\\\/#\\\/schema\\\/logo\\\/image\\\/\"},\"sameAs\":[\"https:\\\/\\\/www.facebook.com\\\/Valencia.Wine.Consulting.1\\\/\"]}]}<\/script>\n<!-- \/ Yoast SEO plugin. -->","yoast_head_json":{"title":"Bedingungen und Konditionen - Valencia Wine Consulting &amp; Tours","description":"Hier finden Sie die Bedingungen und Konditionen wenn Sie mit uns eine Reise buchen; aber wir sind auch ziemlich flexibel...","robots":{"index":"index","follow":"follow","max-snippet":"max-snippet:-1","max-image-preview":"max-image-preview:large","max-video-preview":"max-video-preview:-1"},"canonical":"https:\/\/wijntoursvalencia.com\/de\/bedingungen-und-konditionen\/","og_locale":"de_DE","og_type":"article","og_title":"Bedingungen und Konditionen - Valencia Wine Consulting &amp; Tours","og_description":"Hier finden Sie die Bedingungen und Konditionen wenn Sie mit uns eine Reise buchen; aber wir sind auch ziemlich flexibel...","og_url":"https:\/\/wijntoursvalencia.com\/de\/bedingungen-und-konditionen\/","og_site_name":"Valencia Wine Consulting &amp; Tours","article_publisher":"https:\/\/www.facebook.com\/Valencia.Wine.Consulting.1\/","article_modified_time":"2024-11-22T16:55:41+00:00","twitter_card":"summary_large_image","schema":{"@context":"https:\/\/schema.org","@graph":[{"@type":"WebPage","@id":"https:\/\/wijntoursvalencia.com\/de\/bedingungen-und-konditionen\/","url":"https:\/\/wijntoursvalencia.com\/de\/bedingungen-und-konditionen\/","name":"Bedingungen und Konditionen - Valencia Wine Consulting &amp; Tours","isPartOf":{"@id":"https:\/\/wijntoursvalencia.com\/de\/#website"},"primaryImageOfPage":{"@id":"https:\/\/wijntoursvalencia.com\/de\/bedingungen-und-konditionen\/#primaryimage"},"image":{"@id":"https:\/\/wijntoursvalencia.com\/de\/bedingungen-und-konditionen\/#primaryimage"},"thumbnailUrl":"https:\/\/wijntoursvalencia.com\/wp-content\/uploads\/2022\/11\/shutterstock_712575202-scaled.jpg","datePublished":"2022-11-07T14:03:21+00:00","dateModified":"2024-11-22T16:55:41+00:00","description":"Hier finden Sie die Bedingungen und Konditionen wenn Sie mit uns eine Reise buchen; aber wir sind auch ziemlich flexibel...","breadcrumb":{"@id":"https:\/\/wijntoursvalencia.com\/de\/bedingungen-und-konditionen\/#breadcrumb"},"inLanguage":"de","potentialAction":[{"@type":"ReadAction","target":["https:\/\/wijntoursvalencia.com\/de\/bedingungen-und-konditionen\/"]}]},{"@type":"ImageObject","inLanguage":"de","@id":"https:\/\/wijntoursvalencia.com\/de\/bedingungen-und-konditionen\/#primaryimage","url":"https:\/\/wijntoursvalencia.com\/wp-content\/uploads\/2022\/11\/shutterstock_712575202-scaled.jpg","contentUrl":"https:\/\/wijntoursvalencia.com\/wp-content\/uploads\/2022\/11\/shutterstock_712575202-scaled.jpg","width":2560,"height":1644},{"@type":"BreadcrumbList","@id":"https:\/\/wijntoursvalencia.com\/de\/bedingungen-und-konditionen\/#breadcrumb","itemListElement":[{"@type":"ListItem","position":1,"name":"Home","item":"https:\/\/wijntoursvalencia.com\/de\/"},{"@type":"ListItem","position":2,"name":"Bedingungen und Konditionen"}]},{"@type":"WebSite","@id":"https:\/\/wijntoursvalencia.com\/de\/#website","url":"https:\/\/wijntoursvalencia.com\/de\/","name":"Valencia Wine Consulting & Tours","description":"Tours and tastings for wine lovers","publisher":{"@id":"https:\/\/wijntoursvalencia.com\/de\/#organization"},"potentialAction":[{"@type":"SearchAction","target":{"@type":"EntryPoint","urlTemplate":"https:\/\/wijntoursvalencia.com\/de\/?s={search_term_string}"},"query-input":{"@type":"PropertyValueSpecification","valueRequired":true,"valueName":"search_term_string"}}],"inLanguage":"de"},{"@type":"Organization","@id":"https:\/\/wijntoursvalencia.com\/de\/#organization","name":"Valencia Wine Consulting & Tours","url":"https:\/\/wijntoursvalencia.com\/de\/","logo":{"@type":"ImageObject","inLanguage":"de","@id":"https:\/\/wijntoursvalencia.com\/de\/#\/schema\/logo\/image\/","url":"https:\/\/wijntoursvalencia.com\/wp-content\/uploads\/2020\/10\/Valencia-Wine-Consulting-Logo.svg","contentUrl":"https:\/\/wijntoursvalencia.com\/wp-content\/uploads\/2020\/10\/Valencia-Wine-Consulting-Logo.svg","width":319,"height":77,"caption":"Valencia Wine Consulting & Tours"},"image":{"@id":"https:\/\/wijntoursvalencia.com\/de\/#\/schema\/logo\/image\/"},"sameAs":["https:\/\/www.facebook.com\/Valencia.Wine.Consulting.1\/"]}]}},"_links":{"self":[{"href":"https:\/\/wijntoursvalencia.com\/de\/wp-json\/wp\/v2\/pages\/4516","targetHints":{"allow":["GET"]}}],"collection":[{"href":"https:\/\/wijntoursvalencia.com\/de\/wp-json\/wp\/v2\/pages"}],"about":[{"href":"https:\/\/wijntoursvalencia.com\/de\/wp-json\/wp\/v2\/types\/page"}],"author":[{"embeddable":true,"href":"https:\/\/wijntoursvalencia.com\/de\/wp-json\/wp\/v2\/users\/1"}],"replies":[{"embeddable":true,"href":"https:\/\/wijntoursvalencia.com\/de\/wp-json\/wp\/v2\/comments?post=4516"}],"version-history":[{"count":2,"href":"https:\/\/wijntoursvalencia.com\/de\/wp-json\/wp\/v2\/pages\/4516\/revisions"}],"predecessor-version":[{"id":6639,"href":"https:\/\/wijntoursvalencia.com\/de\/wp-json\/wp\/v2\/pages\/4516\/revisions\/6639"}],"wp:featuredmedia":[{"embeddable":true,"href":"https:\/\/wijntoursvalencia.com\/de\/wp-json\/wp\/v2\/media\/2139"}],"wp:attachment":[{"href":"https:\/\/wijntoursvalencia.com\/de\/wp-json\/wp\/v2\/media?parent=4516"}],"curies":[{"name":"wp","href":"https:\/\/api.w.org\/{rel}","templated":true}]}}